{"id":3468,"date":"2025-01-24T18:52:41","date_gmt":"2025-01-24T18:52:41","guid":{"rendered":"https:\/\/cakeryboo.store\/producto\/golden-stars-cake\/"},"modified":"2025-09-03T10:50:16","modified_gmt":"2025-09-03T10:50:16","slug":"golden-stars-cake","status":"publish","type":"product","link":"https:\/\/cakeryboo.store\/es\/producto\/golden-stars-cake\/","title":{"rendered":"Tarta Golden Stars"},"content":{"rendered":"<p>Nuestra encantadora tarta de primeros cumplea\u00f1os, decorada con estrellas y bolas en tonos rosa y Oro <em><strong>(si desea otro color, ESPECIFICARLO en las NOTAS para el CHEF)<\/strong><\/em>, es perfecta para hacer que los primeros a\u00f1os de tu peque\u00f1@ sean inolvidables. Dise\u00f1ada con amor y atenci\u00f3n a cada detalle, esta tarta no solo es bonita, \u00a1tambi\u00e9n es deliciosa!<\/p>\n<p><strong>Nota ** <\/strong><em> Las fotos son ejemplos de tartas hechas de este estilo, ninguna ser\u00e1 nunca exactamente igual a la otra.<\/em><\/p>\n<div>\n<p>&nbsp;<\/p>\n<\/div>\n<div><\/div>","protected":false},"excerpt":{"rendered":"<p>star cake, tarta de estrellas, bolas, rosa y oro, detalles en fondant<\/p>","protected":false},"featured_media":2949,"template":"","meta":[],"product_brand":[],"product_cat":[113],"product_tag":[107],"class_list":{"0":"post-3468","1":"product","2":"type-product","3":"status-publish","4":"has-post-thumbnail","6":"product_cat-themed-cakes","7":"product_tag-babys","9":"first","10":"instock","11":"taxable","12":"shipping-taxable","13":"purchasable","14":"product-type-simple"},"_links":{"self":[{"href":"https:\/\/cakeryboo.store\/es\/wp-json\/wp\/v2\/product\/3468","targetHints":{"allow":["GET"]}}],"collection":[{"href":"https:\/\/cakeryboo.store\/es\/wp-json\/wp\/v2\/product"}],"about":[{"href":"https:\/\/cakeryboo.store\/es\/wp-json\/wp\/v2\/types\/product"}],"wp:featuredmedia":[{"embeddable":true,"href":"https:\/\/cakeryboo.store\/es\/wp-json\/wp\/v2\/media\/2949"}],"wp:attachment":[{"href":"https:\/\/cakeryboo.store\/es\/wp-json\/wp\/v2\/media?parent=3468"}],"wp:term":[{"taxonomy":"product_brand","embeddable":true,"href":"https:\/\/cakeryboo.store\/es\/wp-json\/wp\/v2\/product_brand?post=3468"},{"taxonomy":"product_cat","embeddable":true,"href":"https:\/\/cakeryboo.store\/es\/wp-json\/wp\/v2\/product_cat?post=3468"},{"taxonomy":"product_tag","embeddable":true,"href":"https:\/\/cakeryboo.store\/es\/wp-json\/wp\/v2\/product_tag?post=3468"}],"curies":[{"name":"wp","href":"https:\/\/api.w.org\/{rel}","templated":true}]}}