{"id":3448,"date":"2025-01-24T18:52:39","date_gmt":"2025-01-24T18:52:39","guid":{"rendered":"https:\/\/cakeryboo.store\/producto\/bebe-dragon-rosa\/"},"modified":"2025-09-09T11:15:47","modified_gmt":"2025-09-09T11:15:47","slug":"bebe-dragon-rosa","status":"publish","type":"product","link":"https:\/\/cakeryboo.store\/es\/producto\/bebe-dragon-rosa\/","title":{"rendered":"Beb\u00e9 drag\u00f3n rosa"},"content":{"rendered":"<p><strong>ESPA\u00d1OL<\/strong><\/p>\n<p>Tartas tematizada de beb\u00e9 dragon con detalles de fondant, papel de az\u00facart, todo comestible.<\/p>\n<p><strong>Nota ** <\/strong><em> Las fotos son ejemplos de tartas hechas de este estilo, ninguna ser\u00e1 nunca exactamente igual a la otra.<\/em><\/p>\n<p><em><strong><em>---------------<\/em><\/strong><\/em><\/p>\n<p><em><strong>INGL\u00c9S<\/strong><\/em><\/p>\n<div>\n<div>Baby dragon themed cakes with fondant details, sugar paper, all edible.<\/div>\n<div><strong>Nota **<\/strong> <em>Las fotos son ejemplos de tartas hechas en este estilo, ninguna ser\u00e1 exactamente igual a la otra.<\/em><\/div>\n<p>&nbsp;<\/p>\n<\/div>\n<div><\/div>","protected":false},"excerpt":{"rendered":"<p>Tarta castillos y dragones, Baby dragon cake, detalles de fondant, papel de azucar<\/p>","protected":false},"featured_media":2946,"template":"","meta":[],"product_brand":[],"product_cat":[113],"product_tag":[121,107],"class_list":{"0":"post-3448","1":"product","2":"type-product","3":"status-publish","4":"has-post-thumbnail","6":"product_cat-themed-cakes","7":"product_tag-animados","8":"product_tag-babys","10":"first","11":"instock","12":"taxable","13":"shipping-taxable","14":"purchasable","15":"product-type-simple"},"_links":{"self":[{"href":"https:\/\/cakeryboo.store\/es\/wp-json\/wp\/v2\/product\/3448","targetHints":{"allow":["GET"]}}],"collection":[{"href":"https:\/\/cakeryboo.store\/es\/wp-json\/wp\/v2\/product"}],"about":[{"href":"https:\/\/cakeryboo.store\/es\/wp-json\/wp\/v2\/types\/product"}],"wp:featuredmedia":[{"embeddable":true,"href":"https:\/\/cakeryboo.store\/es\/wp-json\/wp\/v2\/media\/2946"}],"wp:attachment":[{"href":"https:\/\/cakeryboo.store\/es\/wp-json\/wp\/v2\/media?parent=3448"}],"wp:term":[{"taxonomy":"product_brand","embeddable":true,"href":"https:\/\/cakeryboo.store\/es\/wp-json\/wp\/v2\/product_brand?post=3448"},{"taxonomy":"product_cat","embeddable":true,"href":"https:\/\/cakeryboo.store\/es\/wp-json\/wp\/v2\/product_cat?post=3448"},{"taxonomy":"product_tag","embeddable":true,"href":"https:\/\/cakeryboo.store\/es\/wp-json\/wp\/v2\/product_tag?post=3448"}],"curies":[{"name":"wp","href":"https:\/\/api.w.org\/{rel}","templated":true}]}}