{"id":3443,"date":"2025-01-24T18:52:39","date_gmt":"2025-01-24T18:52:39","guid":{"rendered":"https:\/\/cakeryboo.store\/producto\/blue-drip\/"},"modified":"2025-09-09T11:10:39","modified_gmt":"2025-09-09T11:10:39","slug":"blue-drip","status":"publish","type":"product","link":"https:\/\/cakeryboo.store\/es\/producto\/blue-drip\/","title":{"rendered":"Goteo azul"},"content":{"rendered":"<p>Dise\u00f1o Drip cake \u00fanico conchocolatinas, totalmente personalizable, a\u00f1adele Toppers, imagina tu tarta perfecta.<\/p>\n<div><strong>Nota ** <\/strong><em>Las fotos son ejemplos de tartas hechas de este estilo, ninguna sera nunca exactam,ente igual a la otra.<\/em><\/div>","protected":false},"excerpt":{"rendered":"<p>Dise\u00f1o impresionante, Drip cake<\/p>","protected":false},"featured_media":2904,"template":"","meta":[],"product_brand":[],"product_cat":[112],"product_tag":[117,103],"class_list":{"0":"post-3443","1":"product","2":"type-product","3":"status-publish","4":"has-post-thumbnail","6":"product_cat-signature-cakes","7":"product_tag-drip-cake","8":"product_tag-signature-cakes-in-marbella-and-mijas","10":"first","11":"instock","12":"featured","13":"taxable","14":"shipping-taxable","15":"purchasable","16":"product-type-simple"},"_links":{"self":[{"href":"https:\/\/cakeryboo.store\/es\/wp-json\/wp\/v2\/product\/3443","targetHints":{"allow":["GET"]}}],"collection":[{"href":"https:\/\/cakeryboo.store\/es\/wp-json\/wp\/v2\/product"}],"about":[{"href":"https:\/\/cakeryboo.store\/es\/wp-json\/wp\/v2\/types\/product"}],"wp:featuredmedia":[{"embeddable":true,"href":"https:\/\/cakeryboo.store\/es\/wp-json\/wp\/v2\/media\/2904"}],"wp:attachment":[{"href":"https:\/\/cakeryboo.store\/es\/wp-json\/wp\/v2\/media?parent=3443"}],"wp:term":[{"taxonomy":"product_brand","embeddable":true,"href":"https:\/\/cakeryboo.store\/es\/wp-json\/wp\/v2\/product_brand?post=3443"},{"taxonomy":"product_cat","embeddable":true,"href":"https:\/\/cakeryboo.store\/es\/wp-json\/wp\/v2\/product_cat?post=3443"},{"taxonomy":"product_tag","embeddable":true,"href":"https:\/\/cakeryboo.store\/es\/wp-json\/wp\/v2\/product_tag?post=3443"}],"curies":[{"name":"wp","href":"https:\/\/api.w.org\/{rel}","templated":true}]}}