{"id":3427,"date":"2025-01-24T18:52:35","date_gmt":"2025-01-24T18:52:35","guid":{"rendered":"https:\/\/cakeryboo.store\/producto\/custom-cake\/"},"modified":"2025-01-24T18:59:00","modified_gmt":"2025-01-24T18:59:00","slug":"custom-cake","status":"publish","type":"product","link":"https:\/\/cakeryboo.store\/es\/producto\/custom-cake\/","title":{"rendered":"Custom cake"},"content":{"rendered":"<p>Custom Cake<\/p>\n<p>En esta secci\u00f3n, encontrar\u00e1s una lista de precios orientativos para estilos de tartas \u00fanicos que no est\u00e1n disponibles en las dem\u00e1s categor\u00edas de nuestra tienda.<\/p>\n<p>Si tienes una idea especial en mente, completa el formulario con tus ideas y datos de contacto. Nuestro equipo te enviar\u00e1 un presupuesto personalizado, adaptado a la tarta que deseas.<\/p>\n<p><em><u><\/u><\/em><\/p>\n<div><u><em><\/em><\/u><\/div>","protected":false},"excerpt":{"rendered":"<p>Custom cakes, tartas personalizadas, tartas unicas<\/p>","protected":false},"featured_media":2954,"template":"","meta":[],"product_brand":[],"product_cat":[114],"product_tag":[115],"class_list":{"0":"post-3427","1":"product","2":"type-product","3":"status-publish","4":"has-post-thumbnail","6":"product_cat-custom-cakes","7":"product_tag-custom","9":"first","10":"instock","11":"taxable","12":"shipping-taxable","13":"product-type-simple"},"_links":{"self":[{"href":"https:\/\/cakeryboo.store\/es\/wp-json\/wp\/v2\/product\/3427","targetHints":{"allow":["GET"]}}],"collection":[{"href":"https:\/\/cakeryboo.store\/es\/wp-json\/wp\/v2\/product"}],"about":[{"href":"https:\/\/cakeryboo.store\/es\/wp-json\/wp\/v2\/types\/product"}],"wp:featuredmedia":[{"embeddable":true,"href":"https:\/\/cakeryboo.store\/es\/wp-json\/wp\/v2\/media\/2954"}],"wp:attachment":[{"href":"https:\/\/cakeryboo.store\/es\/wp-json\/wp\/v2\/media?parent=3427"}],"wp:term":[{"taxonomy":"product_brand","embeddable":true,"href":"https:\/\/cakeryboo.store\/es\/wp-json\/wp\/v2\/product_brand?post=3427"},{"taxonomy":"product_cat","embeddable":true,"href":"https:\/\/cakeryboo.store\/es\/wp-json\/wp\/v2\/product_cat?post=3427"},{"taxonomy":"product_tag","embeddable":true,"href":"https:\/\/cakeryboo.store\/es\/wp-json\/wp\/v2\/product_tag?post=3427"}],"curies":[{"name":"wp","href":"https:\/\/api.w.org\/{rel}","templated":true}]}}