{"id":3426,"date":"2025-01-24T18:52:35","date_gmt":"2025-01-24T18:52:35","guid":{"rendered":"https:\/\/cakeryboo.store\/producto\/take-away-cake-a-medida\/"},"modified":"2025-01-24T19:27:42","modified_gmt":"2025-01-24T19:27:42","slug":"take-away-cake-a-medida","status":"publish","type":"product","link":"https:\/\/cakeryboo.store\/es\/producto\/take-away-cake-a-medida\/","title":{"rendered":"Take away cake a Medida"},"content":{"rendered":"<p><strong>Tartas Caseras para llevar<\/strong><\/p>\n<p>Disfruta de nuestras tartas caseras, preparadas diariamente con ingredientes frescos y decoradas con un estilo r\u00fastico y encantador. Perfectas para aquellos que buscan una tarta deliciosa y lista para llevar con poca antelaci\u00f3n.<\/p>\n<p>Estas tartas son ideales si necesitas algo r\u00e1pido, pero sin renunciar al sabor y a la calidad. Con una preparaci\u00f3n \u00e1gil y opciones disponibles cada d\u00eda, puedes tener una tarta casera en cuesti\u00f3n de horas.<\/p>\n<p>F\u00e1ciles de personalizar con detalles sencillos pero elegantes, nuestras tartas r\u00fasticas son la opci\u00f3n perfecta para reuniones espont\u00e1neas, celebraciones familiares o simplemente para darte un capricho.<\/p>\n<p>\u00a1Elige la tuya y disfruta del aut\u00e9ntico sabor casero en cualquier momento!<\/p>\n<div><u><em><\/em><\/u><\/div>","protected":false},"excerpt":{"rendered":"<p>Take Away cakes, tartas personalizadas, tartas unicas<\/p>","protected":false},"featured_media":2953,"template":"","meta":[],"product_brand":[],"product_cat":[114],"product_tag":[115],"class_list":{"0":"post-3426","1":"product","2":"type-product","3":"status-publish","4":"has-post-thumbnail","6":"product_cat-custom-cakes","7":"product_tag-custom","9":"first","10":"instock","11":"taxable","12":"shipping-taxable","13":"product-type-simple"},"_links":{"self":[{"href":"https:\/\/cakeryboo.store\/es\/wp-json\/wp\/v2\/product\/3426","targetHints":{"allow":["GET"]}}],"collection":[{"href":"https:\/\/cakeryboo.store\/es\/wp-json\/wp\/v2\/product"}],"about":[{"href":"https:\/\/cakeryboo.store\/es\/wp-json\/wp\/v2\/types\/product"}],"wp:featuredmedia":[{"embeddable":true,"href":"https:\/\/cakeryboo.store\/es\/wp-json\/wp\/v2\/media\/2953"}],"wp:attachment":[{"href":"https:\/\/cakeryboo.store\/es\/wp-json\/wp\/v2\/media?parent=3426"}],"wp:term":[{"taxonomy":"product_brand","embeddable":true,"href":"https:\/\/cakeryboo.store\/es\/wp-json\/wp\/v2\/product_brand?post=3426"},{"taxonomy":"product_cat","embeddable":true,"href":"https:\/\/cakeryboo.store\/es\/wp-json\/wp\/v2\/product_cat?post=3426"},{"taxonomy":"product_tag","embeddable":true,"href":"https:\/\/cakeryboo.store\/es\/wp-json\/wp\/v2\/product_tag?post=3426"}],"curies":[{"name":"wp","href":"https:\/\/api.w.org\/{rel}","templated":true}]}}