{"id":3425,"date":"2025-01-24T18:52:35","date_gmt":"2025-01-24T18:52:35","guid":{"rendered":"https:\/\/cakeryboo.store\/producto\/drip-cakes-a-medida\/"},"modified":"2025-01-24T19:27:39","modified_gmt":"2025-01-24T19:27:39","slug":"drip-cakes-a-medida","status":"publish","type":"product","link":"https:\/\/cakeryboo.store\/es\/producto\/drip-cakes-a-medida\/","title":{"rendered":"Drip cakes a Medida"},"content":{"rendered":"<p><strong>Drip Cakes a Medida<\/strong><\/p>\n<p>\u00bfNo has encontrado la drip cake perfecta? \u00a1No te preocupes! Creamos drip cakes a medida para adaptarnos a tus gustos y necesidades. Personaliza tu tarta eligiendo el tama\u00f1o, sabores, colores del drip y decoraciones especiales. \u00a1Las posibilidades son infinitas!<\/p>\n<p>Nuestro proceso es sencillo y flexible: cu\u00e9ntanos tu idea y nos encargamos del resto. Tanto si buscas un estilo elegante como algo m\u00e1s divertido y creativo, nuestras drip cakes se hacen a medida para cualquier ocasi\u00f3n.<\/p>\n<p>La calidad es nuestra prioridad: utilizamos ingredientes frescos y ponemos atenci\u00f3n a cada detalle, asegurando que tu tarta no solo se vea incre\u00edble, sino que tambi\u00e9n sepa delicioso. Consulta nuestra lista de precios seg\u00fan el tama\u00f1o y haz tu pedido con la tranquilidad de que recibir\u00e1s una creaci\u00f3n \u00fanica.<\/p>\n<p>\u00a1Haz tu pedido hoy y disfruta de una drip cake hecha especialmente para ti!<\/p>\n<div><u><em><\/em><\/u><\/div>","protected":false},"excerpt":{"rendered":"<p>Custom Drip cakes, tartas personalizadas, tartas unicas<\/p>","protected":false},"featured_media":2952,"template":"","meta":[],"product_brand":[],"product_cat":[114],"product_tag":[115],"class_list":{"0":"post-3425","1":"product","2":"type-product","3":"status-publish","4":"has-post-thumbnail","6":"product_cat-custom-cakes","7":"product_tag-custom","9":"first","10":"instock","11":"taxable","12":"shipping-taxable","13":"product-type-simple"},"_links":{"self":[{"href":"https:\/\/cakeryboo.store\/es\/wp-json\/wp\/v2\/product\/3425","targetHints":{"allow":["GET"]}}],"collection":[{"href":"https:\/\/cakeryboo.store\/es\/wp-json\/wp\/v2\/product"}],"about":[{"href":"https:\/\/cakeryboo.store\/es\/wp-json\/wp\/v2\/types\/product"}],"wp:featuredmedia":[{"embeddable":true,"href":"https:\/\/cakeryboo.store\/es\/wp-json\/wp\/v2\/media\/2952"}],"wp:attachment":[{"href":"https:\/\/cakeryboo.store\/es\/wp-json\/wp\/v2\/media?parent=3425"}],"wp:term":[{"taxonomy":"product_brand","embeddable":true,"href":"https:\/\/cakeryboo.store\/es\/wp-json\/wp\/v2\/product_brand?post=3425"},{"taxonomy":"product_cat","embeddable":true,"href":"https:\/\/cakeryboo.store\/es\/wp-json\/wp\/v2\/product_cat?post=3425"},{"taxonomy":"product_tag","embeddable":true,"href":"https:\/\/cakeryboo.store\/es\/wp-json\/wp\/v2\/product_tag?post=3425"}],"curies":[{"name":"wp","href":"https:\/\/api.w.org\/{rel}","templated":true}]}}