{"id":3424,"date":"2025-01-24T18:52:35","date_gmt":"2025-01-24T18:52:35","guid":{"rendered":"https:\/\/cakeryboo.store\/producto\/baby-bear\/"},"modified":"2025-09-09T11:30:16","modified_gmt":"2025-09-09T11:30:16","slug":"baby-bear","status":"publish","type":"product","link":"https:\/\/cakeryboo.store\/es\/producto\/baby-bear\/","title":{"rendered":"Beb\u00e9 oso"},"content":{"rendered":"<p>Nuestra encantadora tarta de primeros cumplea\u00f1os, decorada con un adorable osito, arco\u00edris pastel y estrellas, es perfecta para hacer que los primeros a\u00f1os de tu peque\u00f1@ sean inolvidables. Dise\u00f1ada con amor y atenci\u00f3n a cada detalle, esta tarta no solo es bonita, \u00a1tambi\u00e9n es deliciosa!<\/p>\n<p><strong>Nota ** <\/strong><em> Las fotos son ejemplos de tartas hechas de este estilo, ninguna ser\u00e1 nunca exactamente igual a la otra.<\/em><\/p>\n<div>\n<p>&nbsp;<\/p>\n<\/div>\n<div><\/div>","protected":false},"excerpt":{"rendered":"<p>bear cake, tarta de ositos, arcoiris, detalles en fondant<\/p>","protected":false},"featured_media":2911,"template":"","meta":[],"product_brand":[],"product_cat":[113],"product_tag":[125,107],"class_list":{"0":"post-3424","1":"product","2":"type-product","3":"status-publish","4":"has-post-thumbnail","6":"product_cat-themed-cakes","7":"product_tag-animales","8":"product_tag-babys","10":"first","11":"instock","12":"taxable","13":"shipping-taxable","14":"purchasable","15":"product-type-simple"},"_links":{"self":[{"href":"https:\/\/cakeryboo.store\/es\/wp-json\/wp\/v2\/product\/3424","targetHints":{"allow":["GET"]}}],"collection":[{"href":"https:\/\/cakeryboo.store\/es\/wp-json\/wp\/v2\/product"}],"about":[{"href":"https:\/\/cakeryboo.store\/es\/wp-json\/wp\/v2\/types\/product"}],"wp:featuredmedia":[{"embeddable":true,"href":"https:\/\/cakeryboo.store\/es\/wp-json\/wp\/v2\/media\/2911"}],"wp:attachment":[{"href":"https:\/\/cakeryboo.store\/es\/wp-json\/wp\/v2\/media?parent=3424"}],"wp:term":[{"taxonomy":"product_brand","embeddable":true,"href":"https:\/\/cakeryboo.store\/es\/wp-json\/wp\/v2\/product_brand?post=3424"},{"taxonomy":"product_cat","embeddable":true,"href":"https:\/\/cakeryboo.store\/es\/wp-json\/wp\/v2\/product_cat?post=3424"},{"taxonomy":"product_tag","embeddable":true,"href":"https:\/\/cakeryboo.store\/es\/wp-json\/wp\/v2\/product_tag?post=3424"}],"curies":[{"name":"wp","href":"https:\/\/api.w.org\/{rel}","templated":true}]}}