{"id":3422,"date":"2025-01-24T18:52:35","date_gmt":"2025-01-24T18:52:35","guid":{"rendered":"https:\/\/cakeryboo.store\/producto\/baby-bear-balloons-2\/"},"modified":"2025-09-09T11:32:24","modified_gmt":"2025-09-09T11:32:24","slug":"baby-bear-balloons-2","status":"publish","type":"product","link":"https:\/\/cakeryboo.store\/es\/producto\/baby-bear-balloons-2\/","title":{"rendered":"Globos de beb\u00e9 oso"},"content":{"rendered":"<p><strong>ESPA\u00d1OL<\/strong><\/p>\n<p>Nuestra encantadora tarta de primer cumplea\u00f1os, decorada con un adorable osito, globos y escalera, es perfecta para hacer que los primeros a\u00f1os de tu peque\u00f1@ sean inolvidables. Dise\u00f1ada con amor y atenci\u00f3n a cada detalle, esta tarta no solo es bonita, \u00a1tambi\u00e9n es deliciosa!<\/p>\n<p><strong>Nota ** <\/strong><em> Las fotos son ejemplos de tartas hechas de este estilo, ninguna ser\u00e1 nunca exactamente igual a la otra. <\/em><\/p>\n<p><em><strong>---------------<\/strong><\/em><\/p>\n<p>&nbsp;<\/p>\n<p><em><strong>INGL\u00c9S<\/strong><\/em><\/p>\n<div>\n<div>Nuestra encantadora tarta de primer cumplea\u00f1os, decorada con un adorable osito de peluche, globos y una escalera, es perfecta para que los primeros a\u00f1os de tu peque\u00f1o sean inolvidables. Dise\u00f1ada con cari\u00f1o y atenci\u00f3n a cada detalle, esta tarta no solo es preciosa, \u00a1tambi\u00e9n est\u00e1 deliciosa!<\/div>\n<div><strong>Nota **<\/strong> <em>Las fotos son ejemplos de tartas hechas en este estilo, ninguna ser\u00e1 exactamente igual a la otra.<\/em><\/div>\n<p>&nbsp;<\/p>\n<\/div>\n<div><\/div>","protected":false},"excerpt":{"rendered":"<p>tarta de ositos y globos, tarta de ositos, globos de fondant, tarta perzonalizada<\/p>","protected":false},"featured_media":2913,"template":"","meta":[],"product_brand":[],"product_cat":[112],"product_tag":[125,103],"class_list":{"0":"post-3422","1":"product","2":"type-product","3":"status-publish","4":"has-post-thumbnail","6":"product_cat-signature-cakes","7":"product_tag-animales","8":"product_tag-signature-cakes-in-marbella-and-mijas","10":"first","11":"instock","12":"featured","13":"taxable","14":"shipping-taxable","15":"purchasable","16":"product-type-simple"},"_links":{"self":[{"href":"https:\/\/cakeryboo.store\/es\/wp-json\/wp\/v2\/product\/3422","targetHints":{"allow":["GET"]}}],"collection":[{"href":"https:\/\/cakeryboo.store\/es\/wp-json\/wp\/v2\/product"}],"about":[{"href":"https:\/\/cakeryboo.store\/es\/wp-json\/wp\/v2\/types\/product"}],"wp:featuredmedia":[{"embeddable":true,"href":"https:\/\/cakeryboo.store\/es\/wp-json\/wp\/v2\/media\/2913"}],"wp:attachment":[{"href":"https:\/\/cakeryboo.store\/es\/wp-json\/wp\/v2\/media?parent=3422"}],"wp:term":[{"taxonomy":"product_brand","embeddable":true,"href":"https:\/\/cakeryboo.store\/es\/wp-json\/wp\/v2\/product_brand?post=3422"},{"taxonomy":"product_cat","embeddable":true,"href":"https:\/\/cakeryboo.store\/es\/wp-json\/wp\/v2\/product_cat?post=3422"},{"taxonomy":"product_tag","embeddable":true,"href":"https:\/\/cakeryboo.store\/es\/wp-json\/wp\/v2\/product_tag?post=3422"}],"curies":[{"name":"wp","href":"https:\/\/api.w.org\/{rel}","templated":true}]}}