{"id":3416,"date":"2025-01-24T18:52:35","date_gmt":"2025-01-24T18:52:35","guid":{"rendered":"https:\/\/cakeryboo.store\/producto\/oh-baby-balloons\/"},"modified":"2025-09-09T11:33:51","modified_gmt":"2025-09-09T11:33:51","slug":"oh-baby-balloons","status":"publish","type":"product","link":"https:\/\/cakeryboo.store\/es\/producto\/oh-baby-balloons\/","title":{"rendered":"Globos Oh Baby"},"content":{"rendered":"<p><strong>ESPA\u00d1OL<\/strong><\/p>\n<p>Nuestra encantadora tarta de primeros cumplea\u00f1os, decorada con un adorable osito montado en globo, nubes y estrellas, es perfecta para hacer que los primeros a\u00f1os de tu peque\u00f1@ sean inolvidables. Dise\u00f1ada con amor y atenci\u00f3n a cada detalle, esta tarta no solo es bonita, \u00a1tambi\u00e9n es deliciosa!<\/p>\n<p><strong>Nota ** <\/strong><em> Las fotos son ejemplos de tartas hechas de este estilo, ninguna ser\u00e1 nunca exactamente igual a la otra. <\/em><\/p>\n<p><em><strong>---------------<\/strong><\/em><\/p>\n<p>&nbsp;<\/p>\n<p><em><strong>INGL\u00c9S<\/strong><\/em><\/p>\n<div>\n<div>Our charming first birthday cake, decorated with an adorable teddy bear in balloons, clouds and starts, is perfect for making your little one&#8217;s first years unforgettable. Designed with love and attention to every detail, this cake is not only beautiful, it&#8217;s also delicious!<\/div>\n<div><strong>Nota **<\/strong> <em>Las fotos son ejemplos de tartas hechas en este estilo, ninguna ser\u00e1 exactamente igual a la otra.<\/em><\/div>\n<p>&nbsp;<\/p>\n<\/div>\n<div><\/div>","protected":false},"excerpt":{"rendered":"<p>tarta de ositos y globos, tarta de ositos, globos de fondant, tarta perzonalizada<\/p>","protected":false},"featured_media":2926,"template":"","meta":[],"product_brand":[],"product_cat":[113],"product_tag":[125,107],"class_list":{"0":"post-3416","1":"product","2":"type-product","3":"status-publish","4":"has-post-thumbnail","6":"product_cat-themed-cakes","7":"product_tag-animales","8":"product_tag-babys","10":"first","11":"instock","12":"featured","13":"taxable","14":"shipping-taxable","15":"purchasable","16":"product-type-simple"},"_links":{"self":[{"href":"https:\/\/cakeryboo.store\/es\/wp-json\/wp\/v2\/product\/3416","targetHints":{"allow":["GET"]}}],"collection":[{"href":"https:\/\/cakeryboo.store\/es\/wp-json\/wp\/v2\/product"}],"about":[{"href":"https:\/\/cakeryboo.store\/es\/wp-json\/wp\/v2\/types\/product"}],"wp:featuredmedia":[{"embeddable":true,"href":"https:\/\/cakeryboo.store\/es\/wp-json\/wp\/v2\/media\/2926"}],"wp:attachment":[{"href":"https:\/\/cakeryboo.store\/es\/wp-json\/wp\/v2\/media?parent=3416"}],"wp:term":[{"taxonomy":"product_brand","embeddable":true,"href":"https:\/\/cakeryboo.store\/es\/wp-json\/wp\/v2\/product_brand?post=3416"},{"taxonomy":"product_cat","embeddable":true,"href":"https:\/\/cakeryboo.store\/es\/wp-json\/wp\/v2\/product_cat?post=3416"},{"taxonomy":"product_tag","embeddable":true,"href":"https:\/\/cakeryboo.store\/es\/wp-json\/wp\/v2\/product_tag?post=3416"}],"curies":[{"name":"wp","href":"https:\/\/api.w.org\/{rel}","templated":true}]}}