{"id":3386,"date":"2025-01-24T18:52:30","date_gmt":"2025-01-24T18:52:30","guid":{"rendered":"https:\/\/cakeryboo.store\/producto\/pistacho-y-frambuesas\/"},"modified":"2025-09-09T10:58:21","modified_gmt":"2025-09-09T10:58:21","slug":"pistacho-y-frambuesas","status":"publish","type":"product","link":"https:\/\/cakeryboo.store\/es\/producto\/pistacho-y-frambuesas\/","title":{"rendered":"Pistacho y Frambuesas"},"content":{"rendered":"<p>Disfruta de la combinaci\u00f3n perfecta entre el sabor suave del pistacho y la frescura de la frambuesa con nuestra <strong>Tarta de Pistacho y Frambuesa<\/strong>. Esta delicia presenta capas de esponjoso bizcocho de pistacho, realzado con un relleno de frambuesa que aporta un toque \u00e1cido y vibrante. Decorada elegantemente con crema, trozos de pistacho y frambuesas frescas, es la opci\u00f3n ideal para una ocasi\u00f3n especial o simplemente para darte un gusto gourmet.<\/p>\n<p><strong>Nota **<\/strong> <em>Las fotos son ejemplos de tartas hechas de este estilo, ninguna sera nunca exactam,ente igual a la otra.<\/em><\/p>\n<p>&nbsp;<\/p>\n<p>&nbsp;<\/p>","protected":false},"excerpt":{"rendered":"<p>Pistachio and raspberry cake, Tarta gourmet de pistacho, Raspberry filling, Elegant custom cakes, Tarta de pistacho y frambuesa<\/p>","protected":false},"featured_media":2895,"template":"","meta":[],"product_brand":[],"product_cat":[110],"product_tag":[111,119],"class_list":{"0":"post-3386","1":"product","2":"type-product","3":"status-publish","4":"has-post-thumbnail","6":"product_cat-homemade-delights","7":"product_tag-delights","8":"product_tag-take-away-cake","10":"first","11":"instock","12":"featured","13":"taxable","14":"shipping-taxable","15":"purchasable","16":"product-type-simple"},"_links":{"self":[{"href":"https:\/\/cakeryboo.store\/es\/wp-json\/wp\/v2\/product\/3386","targetHints":{"allow":["GET"]}}],"collection":[{"href":"https:\/\/cakeryboo.store\/es\/wp-json\/wp\/v2\/product"}],"about":[{"href":"https:\/\/cakeryboo.store\/es\/wp-json\/wp\/v2\/types\/product"}],"wp:featuredmedia":[{"embeddable":true,"href":"https:\/\/cakeryboo.store\/es\/wp-json\/wp\/v2\/media\/2895"}],"wp:attachment":[{"href":"https:\/\/cakeryboo.store\/es\/wp-json\/wp\/v2\/media?parent=3386"}],"wp:term":[{"taxonomy":"product_brand","embeddable":true,"href":"https:\/\/cakeryboo.store\/es\/wp-json\/wp\/v2\/product_brand?post=3386"},{"taxonomy":"product_cat","embeddable":true,"href":"https:\/\/cakeryboo.store\/es\/wp-json\/wp\/v2\/product_cat?post=3386"},{"taxonomy":"product_tag","embeddable":true,"href":"https:\/\/cakeryboo.store\/es\/wp-json\/wp\/v2\/product_tag?post=3386"}],"curies":[{"name":"wp","href":"https:\/\/api.w.org\/{rel}","templated":true}]}}